{"id":3308,"date":"2025-01-12T12:43:42","date_gmt":"2025-01-12T12:43:42","guid":{"rendered":"https:\/\/advisory34.com\/legal-disclaimer\/"},"modified":"2025-01-20T12:20:16","modified_gmt":"2025-01-20T12:20:16","slug":"aviso-legal","status":"publish","type":"page","link":"https:\/\/advisory34.com\/es\/aviso-legal\/","title":{"rendered":"Aviso legal"},"content":{"rendered":"<style>.elementor-3308 .elementor-element.elementor-element-0b1273c{--display:flex;--min-height:400px;--flex-direction:row;--container-widget-width:calc( ( 1 - var( --container-widget-flex-grow ) ) * 100% );--container-widget-height:100%;--container-widget-flex-grow:1;--container-widget-align-self:stretch;--flex-wrap-mobile:wrap;--align-items:flex-end;--gap:10px 10px;--row-gap:10px;--column-gap:10px;--overlay-opacity:0.75;--margin-top:0px;--margin-bottom:0px;--margin-left:0px;--margin-right:0px;--padding-top:20px;--padding-bottom:30px;--padding-left:0px;--padding-right:0px;--z-index:20;}.elementor-3308 .elementor-element.elementor-element-0b1273c:not(.elementor-motion-effects-element-type-background), .elementor-3308 .elementor-element.elementor-element-0b1273c > .elementor-motion-effects-container > .elementor-motion-effects-layer{background-color:var( --e-global-color-7a43964 );background-image:url(\"https:\/\/advisory34.com\/wp-content\/uploads\/2025\/01\/Buy-a-Business-1-scaled.jpg\");background-position:center center;background-repeat:no-repeat;background-size:cover;}.elementor-3308 .elementor-element.elementor-element-0b1273c::before, .elementor-3308 .elementor-element.elementor-element-0b1273c > .elementor-background-video-container::before, .elementor-3308 .elementor-element.elementor-element-0b1273c > .e-con-inner > .elementor-background-video-container::before, .elementor-3308 .elementor-element.elementor-element-0b1273c > .elementor-background-slideshow::before, .elementor-3308 .elementor-element.elementor-element-0b1273c > .e-con-inner > .elementor-background-slideshow::before, .elementor-3308 .elementor-element.elementor-element-0b1273c > .elementor-motion-effects-container > .elementor-motion-effects-layer::before{--background-overlay:'';background-color:#000000;}.elementor-3308 .elementor-element.elementor-element-0b1273c::before{filter:brightness( 100% ) contrast( 100% ) saturate( 200% ) blur( 0px ) hue-rotate( 0deg );}.elementor-3308 .elementor-element.elementor-element-9b5dd3a{--display:flex;--justify-content:flex-start;--margin-top:0px;--margin-bottom:0px;--margin-left:0px;--margin-right:0px;--padding-top:0px;--padding-bottom:0px;--padding-left:20px;--padding-right:20px;}.elementor-3308 .elementor-element.elementor-element-d273108 .elementor-heading-title{font-family:\"Lexend\", Sans-serif;font-size:48px;font-weight:400;line-height:1.2em;letter-spacing:-0.04em;color:var( --e-global-color-secondary );}.elementor-3308 .elementor-element.elementor-element-d273108 > .elementor-widget-container{margin:0px 0px 0px 0px;padding:0px 0px 0px 0px;}.elementor-3308 .elementor-element.elementor-element-2bcee78{--display:flex;--flex-direction:column;--container-widget-width:100%;--container-widget-height:initial;--container-widget-flex-grow:0;--container-widget-align-self:initial;--flex-wrap-mobile:wrap;--padding-top:15px;--padding-bottom:0px;--padding-left:40px;--padding-right:0px;}.elementor-3308 .elementor-element.elementor-element-2bcee78:not(.elementor-motion-effects-element-type-background), .elementor-3308 .elementor-element.elementor-element-2bcee78 > .elementor-motion-effects-container > .elementor-motion-effects-layer{background-color:#222A35;}.elementor-3308 .elementor-element.elementor-element-16a85c6 > .elementor-widget-container{padding:0px 0px 0px 0px;}.elementor-3308 .elementor-element.elementor-element-228558b{--display:flex;--padding-top:30px;--padding-bottom:30px;--padding-left:20px;--padding-right:20px;}.elementor-3308 .elementor-element.elementor-element-9d6b4f1{color:#000000;}@media(min-width:768px){.elementor-3308 .elementor-element.elementor-element-0b1273c{--content-width:1440px;}.elementor-3308 .elementor-element.elementor-element-9b5dd3a{--content-width:1440px;}}@media(max-width:1024px){.elementor-3308 .elementor-element.elementor-element-0b1273c{--margin-top:0px;--margin-bottom:0px;--margin-left:0px;--margin-right:0px;--padding-top:20px;--padding-bottom:30px;--padding-left:10px;--padding-right:10px;}.elementor-3308 .elementor-element.elementor-element-9b5dd3a{--padding-top:0px;--padding-bottom:0px;--padding-left:10px;--padding-right:10px;}.elementor-3308 .elementor-element.elementor-element-d273108 .elementor-heading-title{font-size:38px;}.elementor-3308 .elementor-element.elementor-element-2bcee78{--padding-top:15px;--padding-bottom:0px;--padding-left:30px;--padding-right:0px;}}@media(max-width:767px){.elementor-3308 .elementor-element.elementor-element-0b1273c{--padding-top:20px;--padding-bottom:30px;--padding-left:10px;--padding-right:10px;}.elementor-3308 .elementor-element.elementor-element-9b5dd3a{--padding-top:0px;--padding-bottom:0px;--padding-left:10px;--padding-right:10px;}.elementor-3308 .elementor-element.elementor-element-d273108 .elementor-heading-title{font-size:34px;}.elementor-3308 .elementor-element.elementor-element-2bcee78{--padding-top:15px;--padding-bottom:0px;--padding-left:10px;--padding-right:0px;}}\/* Start custom CSS for shortcode, class: .elementor-element-16a85c6 *\/.elementor-3308 .elementor-element.elementor-element-16a85c6 p a{\n    color: #fff;\n            margin-right: 10px;\n            font-family: 'Roboto', 'Sans-Serif' !important;\n}\n\n.elementor-3308 .elementor-element.elementor-element-16a85c6 p span {\n        color: #fff;\n        margin-right: 10px;\n         font-family: 'Roboto', 'Sans-Serif' !important;\n}\n\n\n\n\/* Add Font Awesome icon before 'Home' *\/\n.rank-math-breadcrumb a[href=\"https:\/\/advisory34.com\"]::before {\n    content: \"\\f015\"; \n    font-family: \"Font Awesome 5 Free\"; \n    font-weight: 900; \n    margin-right: 10px; \n    margin-bottom: 2px;\n    display: inline-block;\n    vertical-align: middle; \n}\n\n\n.rank-math-breadcrumb .separator {\n    margin: 0 5px;\n}\/* End custom CSS *\/<\/style>\t\t<div data-elementor-type=\"wp-page\" data-elementor-id=\"3308\" class=\"elementor elementor-3308 elementor-3133\" data-elementor-post-type=\"page\">\n\t\t\t\t<div class=\"elementor-element elementor-element-0b1273c e-flex e-con-boxed e-con e-parent\" data-id=\"0b1273c\" data-element_type=\"container\" data-e-type=\"container\" data-settings=\"{&quot;background_background&quot;:&quot;classic&quot;}\">\n\t\t\t\t\t<div class=\"e-con-inner\">\n\t\t<div class=\"elementor-element elementor-element-9b5dd3a e-flex e-con-boxed e-con e-child\" data-id=\"9b5dd3a\" data-element_type=\"container\" data-e-type=\"container\">\n\t\t\t\t\t<div class=\"e-con-inner\">\n\t\t\t\t<div class=\"elementor-element elementor-element-d273108 elementor-widget elementor-widget-heading\" data-id=\"d273108\" data-element_type=\"widget\" data-e-type=\"widget\" data-widget_type=\"heading.default\">\n\t\t\t\t<div class=\"elementor-widget-container\">\n\t\t\t\t\t<h1 class=\"elementor-heading-title elementor-size-default\">Aviso legal<\/h1>\t\t\t\t<\/div>\n\t\t\t\t<\/div>\n\t\t\t\t\t<\/div>\n\t\t\t\t<\/div>\n\t\t\t\t\t<\/div>\n\t\t\t\t<\/div>\n\t\t<div class=\"elementor-element elementor-element-2bcee78 e-flex e-con-boxed e-con e-parent\" data-id=\"2bcee78\" data-element_type=\"container\" data-e-type=\"container\" data-settings=\"{&quot;background_background&quot;:&quot;classic&quot;}\">\n\t\t\t\t\t<div class=\"e-con-inner\">\n\t\t\t\t<div class=\"elementor-element elementor-element-16a85c6 elementor-widget elementor-widget-shortcode\" data-id=\"16a85c6\" data-element_type=\"widget\" data-e-type=\"widget\" data-widget_type=\"shortcode.default\">\n\t\t\t\t<div class=\"elementor-widget-container\">\n\t\t\t\t\t\t\t<div class=\"elementor-shortcode\"><nav aria-label=\"breadcrumbs\" class=\"rank-math-breadcrumb\"><p><span class=\"last\">Home<\/span><\/p><\/nav><\/div>\n\t\t\t\t\t\t<\/div>\n\t\t\t\t<\/div>\n\t\t\t\t\t<\/div>\n\t\t\t\t<\/div>\n\t\t<div class=\"elementor-element elementor-element-228558b e-flex e-con-boxed e-con e-parent\" data-id=\"228558b\" data-element_type=\"container\" data-e-type=\"container\">\n\t\t\t\t\t<div class=\"e-con-inner\">\n\t\t\t\t<div class=\"elementor-element elementor-element-9d6b4f1 elementor-widget elementor-widget-text-editor\" data-id=\"9d6b4f1\" data-element_type=\"widget\" data-e-type=\"widget\" data-widget_type=\"text-editor.default\">\n\t\t\t\t<div class=\"elementor-widget-container\">\n\t\t\t\t\t\t\t\t\t<p>El presente aviso legal describe las condiciones por las que se rigen todos los visitantes del sitio web <a href=\"http:\/\/www.advisory34.com\">www.advisory34.com<\/a> (&#8220;Sitio&#8221;). Al acceder a este Sitio, usted acepta expresamente someterse a estos t\u00e9rminos sin ninguna reserva. Advisory34 Ventures S.L. (en adelante &#8220;Advisory34&#8221;, &#8220;Empresa&#8221; o &#8220;Nosotros&#8221;) recomienda encarecidamente revisar estos t\u00e9rminos peri\u00f3dicamente, ya que pueden estar sujetos a cambios sin previo aviso.<\/p><h2>Propiedad Intelectual<\/h2><p>El Sitio es propiedad exclusiva de Advisory34 y est\u00e1 gestionado por la Empresa. Todo el contenido que se encuentra en este sitio, incluyendo, pero no limitado a, marcas comerciales, logotipos y nombres de dominio, est\u00e1 protegido por leyes de propiedad intelectual y es propiedad exclusiva de la Compa\u00f1\u00eda.<\/p><p>Ning\u00fan contenido de este Sitio puede ser copiado, reproducido, modificado, republicado, cargado, alterado, transmitido o distribuido de ninguna manera o a trav\u00e9s de cualquier medio, en su totalidad o en parte, sin el consentimiento previo por escrito de Iberian Venture Partners, a excepci\u00f3n de una copia de los materiales que usted puede almacenar en su ordenador personal para uso privado, sin fines comerciales, respetando todos los derechos de propiedad intelectual y cualquier otro derecho que pueda ser mencionado.<\/p><p>Advisory34 se reserva el derecho de emprender acciones legales contra cualquier infracci\u00f3n de sus derechos de propiedad intelectual.<\/p><h2>Naturaleza de la Informaci\u00f3n<\/h2><p>Advisory34 no es un representante legal de los compradores o vendedores, ni su abogado o contador p\u00fablico. La decisi\u00f3n de comprar o vender un negocio queda a la entera discreci\u00f3n de los compradores (&#8220;Compradores&#8221;) y vendedores (&#8220;Vendedores&#8221;) que est\u00e9n interesados en la transacci\u00f3n.<\/p><p>Con respecto a cualquier servicio prestado por Advisory34, incluida la asistencia en el proceso de compra y venta de una empresa y los servicios de asesoramiento descritos en el Sitio (&#8220;Servicios&#8221;), la Empresa act\u00faa \u00fanicamente como un tercero independiente que asiste a los Compradores y Vendedores. Aunque en las conversaciones mantenidas durante los Servicios se aborden cuestiones financieras y jur\u00eddicas, \u00e9stas no deben interpretarse como asesoramiento u opiniones profesionales. Si se desea asesoramiento financiero o jur\u00eddico, las partes deber\u00e1n consultar a un abogado o contador p\u00fablico.<\/p><p>Este descargo de responsabilidad sirve para aclarar el papel y las limitaciones de la Empresa a la hora de ayudar a compradores y vendedores en sus transacciones y subraya la importancia de buscar asesoramiento jur\u00eddico o financiero, profesional cuando sea necesario.<\/p><h2>Exclusi\u00f3n de Responsabilidad<\/h2><p>Advisory34 hace todo lo posible para garantizar que la informaci\u00f3n publicada en su sitio web sea exacta y est\u00e9 actualizada. Sin embargo, la empresa no garantiza ni representa la exactitud, integridad o fiabilidad de la informaci\u00f3n proporcionada en su sitio web. La Empresa se reserva el derecho de modificar, actualizar o eliminar cualquier contenido del sitio web a su discreci\u00f3n, sin previo aviso.<\/p><p>La Empresa no ser\u00e1 responsable de ning\u00fan da\u00f1o, p\u00e9rdida o gasto directo o indirecto derivado del uso o de la imposibilidad de usar la informaci\u00f3n del Sitio, incluidos, entre otros, los da\u00f1os consecuentes, incidentales, especiales o punitivos, o cualquier p\u00e9rdida de beneficios, datos u oportunidades de negocio.<\/p><p>Al utilizar el Sitio, usted acepta y est\u00e1 de acuerdo con los t\u00e9rminos de esta Exclusi\u00f3n de responsabilidad por la exactitud y actualizaci\u00f3n de la informaci\u00f3n. Si no est\u00e1 de acuerdo con estos t\u00e9rminos, le rogamos que se abstenga de utilizar este sitio web.<\/p><h2>Jurisdicci\u00f3n<\/h2><p>El Sitio y su contenido se rigen por la legislaci\u00f3n espa\u00f1ola. Cualquier posible controversia en relaci\u00f3n con el Sitio y su contenido ser\u00e1 competencia de los tribunales espa\u00f1oles.<\/p><h2>Contacte con Nosotros<\/h2><p>Si tiene alguna pregunta sobre este aviso legal, p\u00f3ngase en contacto con nosotros por correo electr\u00f3nico en la direcci\u00f3n.<br \/><br \/><strong>Mail:<\/strong> <a href=\"mailto:enquiries@iberventure.com\">enquiries@iberventure.com<\/a><\/p><p><strong> Tel\u00e9fono:<\/strong> +34 607 564 703<\/p>\t\t\t\t\t\t\t\t<\/div>\n\t\t\t\t<\/div>\n\t\t\t\t\t<\/div>\n\t\t\t\t<\/div>\n\t\t\t\t<\/div>\n\t\t","protected":false},"excerpt":{"rendered":"<p>Aviso legal El presente aviso legal describe las condiciones por las que se rigen todos los visitantes del sitio web www.advisory34.com (&#8220;Sitio&#8221;). Al acceder a este Sitio, usted acepta expresamente someterse a estos t\u00e9rminos sin ninguna reserva. Advisory34 Ventures S.L. (en adelante &#8220;Advisory34&#8221;, &#8220;Empresa&#8221; o &#8220;Nosotros&#8221;) recomienda encarecidamente revisar estos t\u00e9rminos peri\u00f3dicamente, ya que pueden [&hellip;]<\/p>\n","protected":false},"author":33,"featured_media":0,"parent":0,"menu_order":0,"comment_status":"closed","ping_status":"closed","template":"","meta":{"_acf_changed":false,"footnotes":""},"class_list":["post-3308","page","type-page","status-publish","hentry"],"acf":[],"_links":{"self":[{"href":"https:\/\/advisory34.com\/es\/wp-json\/wp\/v2\/pages\/3308","targetHints":{"allow":["GET"]}}],"collection":[{"href":"https:\/\/advisory34.com\/es\/wp-json\/wp\/v2\/pages"}],"about":[{"href":"https:\/\/advisory34.com\/es\/wp-json\/wp\/v2\/types\/page"}],"author":[{"embeddable":true,"href":"https:\/\/advisory34.com\/es\/wp-json\/wp\/v2\/users\/33"}],"replies":[{"embeddable":true,"href":"https:\/\/advisory34.com\/es\/wp-json\/wp\/v2\/comments?post=3308"}],"version-history":[{"count":5,"href":"https:\/\/advisory34.com\/es\/wp-json\/wp\/v2\/pages\/3308\/revisions"}],"predecessor-version":[{"id":3314,"href":"https:\/\/advisory34.com\/es\/wp-json\/wp\/v2\/pages\/3308\/revisions\/3314"}],"wp:attachment":[{"href":"https:\/\/advisory34.com\/es\/wp-json\/wp\/v2\/media?parent=3308"}],"curies":[{"name":"wp","href":"https:\/\/api.w.org\/{rel}","templated":true}]}}