{"id":3336,"date":"2025-01-04T23:25:10","date_gmt":"2025-01-04T23:25:10","guid":{"rendered":"https:\/\/advisory34.com\/register\/"},"modified":"2025-01-25T14:55:49","modified_gmt":"2025-01-25T14:55:49","slug":"registrese","status":"publish","type":"page","link":"https:\/\/advisory34.com\/es\/registrese\/","title":{"rendered":"Reg\u00edstrese"},"content":{"rendered":"<style>.elementor-3336 .elementor-element.elementor-element-3339bea{--display:flex;--min-height:400px;--flex-direction:row;--container-widget-width:calc( ( 1 - var( --container-widget-flex-grow ) ) * 100% );--container-widget-height:100%;--container-widget-flex-grow:1;--container-widget-align-self:stretch;--flex-wrap-mobile:wrap;--align-items:flex-end;--gap:10px 10px;--row-gap:10px;--column-gap:10px;--overlay-opacity:0.75;--margin-top:0px;--margin-bottom:0px;--margin-left:0px;--margin-right:0px;--padding-top:20px;--padding-bottom:30px;--padding-left:0px;--padding-right:0px;--z-index:20;}.elementor-3336 .elementor-element.elementor-element-3339bea:not(.elementor-motion-effects-element-type-background), .elementor-3336 .elementor-element.elementor-element-3339bea > .elementor-motion-effects-container > .elementor-motion-effects-layer{background-color:var( --e-global-color-7a43964 );background-image:url(\"https:\/\/advisory34.com\/wp-content\/uploads\/2025\/01\/faq.jpg\");background-position:center center;background-repeat:no-repeat;background-size:cover;}.elementor-3336 .elementor-element.elementor-element-3339bea::before, .elementor-3336 .elementor-element.elementor-element-3339bea > .elementor-background-video-container::before, .elementor-3336 .elementor-element.elementor-element-3339bea > .e-con-inner > .elementor-background-video-container::before, .elementor-3336 .elementor-element.elementor-element-3339bea > .elementor-background-slideshow::before, .elementor-3336 .elementor-element.elementor-element-3339bea > .e-con-inner > .elementor-background-slideshow::before, .elementor-3336 .elementor-element.elementor-element-3339bea > .elementor-motion-effects-container > .elementor-motion-effects-layer::before{--background-overlay:'';background-color:#000000;}.elementor-3336 .elementor-element.elementor-element-3339bea::before{filter:brightness( 100% ) contrast( 100% ) saturate( 200% ) blur( 0px ) hue-rotate( 0deg );}.elementor-3336 .elementor-element.elementor-element-4b3ec59{--display:flex;--justify-content:flex-start;--margin-top:0px;--margin-bottom:0px;--margin-left:0px;--margin-right:0px;--padding-top:0px;--padding-bottom:0px;--padding-left:20px;--padding-right:20px;}.elementor-3336 .elementor-element.elementor-element-3f02a88 .elementor-heading-title{font-family:\"Lexend\", Sans-serif;font-size:48px;font-weight:400;line-height:1.2em;letter-spacing:-0.04em;color:var( --e-global-color-secondary );}.elementor-3336 .elementor-element.elementor-element-3f02a88 > .elementor-widget-container{margin:0px 0px 0px 0px;padding:0px 0px 0px 0px;}.elementor-3336 .elementor-element.elementor-element-127928c{text-align:start;font-family:var( --e-global-typography-text-font-family ), Sans-serif;font-size:var( --e-global-typography-text-font-size );font-weight:var( --e-global-typography-text-font-weight );line-height:var( --e-global-typography-text-line-height );letter-spacing:var( --e-global-typography-text-letter-spacing );color:var( --e-global-color-secondary );width:var( --container-widget-width, 800px );max-width:800px;--container-widget-width:800px;--container-widget-flex-grow:0;}.elementor-3336 .elementor-element.elementor-element-127928c > .elementor-widget-container{margin:0px 0px 0px 0px;}.elementor-3336 .elementor-element.elementor-element-127928c.elementor-element{--align-self:flex-start;}.elementor-3336 .elementor-element.elementor-element-33f9a2a{--display:flex;--flex-direction:column;--container-widget-width:100%;--container-widget-height:initial;--container-widget-flex-grow:0;--container-widget-align-self:initial;--flex-wrap-mobile:wrap;--padding-top:15px;--padding-bottom:0px;--padding-left:40px;--padding-right:0px;}.elementor-3336 .elementor-element.elementor-element-33f9a2a:not(.elementor-motion-effects-element-type-background), .elementor-3336 .elementor-element.elementor-element-33f9a2a > .elementor-motion-effects-container > .elementor-motion-effects-layer{background-color:#222A35;}.elementor-3336 .elementor-element.elementor-element-6bf9c04 > .elementor-widget-container{padding:0px 0px 0px 0px;}.elementor-3336 .elementor-element.elementor-element-e88f73e{--display:flex;--flex-direction:row;--container-widget-width:calc( ( 1 - var( --container-widget-flex-grow ) ) * 100% );--container-widget-height:100%;--container-widget-flex-grow:1;--container-widget-align-self:stretch;--flex-wrap-mobile:wrap;--align-items:center;--padding-top:30px;--padding-bottom:30px;--padding-left:20px;--padding-right:20px;}.elementor-3336 .elementor-element.elementor-element-9f03bde{--display:flex;--padding-top:0px;--padding-bottom:0px;--padding-left:0px;--padding-right:0px;}.elementor-3336 .elementor-element.elementor-element-9a8210d{color:#000000;}.elementor-3336 .elementor-element.elementor-element-9a8210d > .elementor-widget-container{padding:0px 0px 0px 0px;}.elementor-3336 .elementor-element.elementor-element-75190d32{--display:flex;--padding-top:0px;--padding-bottom:30px;--padding-left:20px;--padding-right:20px;}.elementor-3336 .elementor-element.elementor-element-6562b9c{--display:flex;--flex-direction:row;--container-widget-width:initial;--container-widget-height:100%;--container-widget-flex-grow:1;--container-widget-align-self:stretch;--flex-wrap-mobile:wrap;--justify-content:center;--padding-top:0px;--padding-bottom:0px;--padding-left:0px;--padding-right:0px;}.elementor-3336 .elementor-element.elementor-element-c745e11 .elementor-button{font-size:20px;font-weight:400;fill:var( --e-global-color-primary );color:var( --e-global-color-primary );background-color:#F9F9FB00;border-style:solid;border-width:1px 1px 1px 1px;border-color:var( --e-global-color-primary );border-radius:20px 20px 20px 20px;padding:15px 50px 15px 050px;}.elementor-3336 .elementor-element.elementor-element-c745e11 .elementor-button:hover, .elementor-3336 .elementor-element.elementor-element-c745e11 .elementor-button:focus{color:var( --e-global-color-primary );background-color:var( --e-global-color-0314024 );border-color:var( --e-global-color-0314024 );}.elementor-3336 .elementor-element.elementor-element-c745e11 .elementor-button:hover svg, .elementor-3336 .elementor-element.elementor-element-c745e11 .elementor-button:focus svg{fill:var( --e-global-color-primary );}.elementor-3336 .elementor-element.elementor-element-c745e11 > .elementor-widget-container{margin:0px 0px 0px 0px;}.elementor-3336 .elementor-element.elementor-element-d0980cc .elementor-button{font-size:20px;font-weight:400;fill:var( --e-global-color-primary );color:var( --e-global-color-primary );background-color:#F9F9FB00;border-style:solid;border-width:1px 1px 1px 1px;border-color:var( --e-global-color-primary );border-radius:20px 20px 20px 20px;padding:15px 50px 15px 050px;}.elementor-3336 .elementor-element.elementor-element-d0980cc .elementor-button:hover, .elementor-3336 .elementor-element.elementor-element-d0980cc .elementor-button:focus{color:var( --e-global-color-primary );background-color:var( --e-global-color-0314024 );border-color:var( --e-global-color-0314024 );}.elementor-3336 .elementor-element.elementor-element-d0980cc .elementor-button:hover svg, .elementor-3336 .elementor-element.elementor-element-d0980cc .elementor-button:focus svg{fill:var( --e-global-color-primary );}.elementor-3336 .elementor-element.elementor-element-d0980cc > .elementor-widget-container{margin:0px 0px 0px 0px;}@media(min-width:768px){.elementor-3336 .elementor-element.elementor-element-3339bea{--content-width:1440px;}.elementor-3336 .elementor-element.elementor-element-4b3ec59{--content-width:1440px;}}@media(max-width:1024px){.elementor-3336 .elementor-element.elementor-element-3339bea{--margin-top:0px;--margin-bottom:0px;--margin-left:0px;--margin-right:0px;--padding-top:20px;--padding-bottom:30px;--padding-left:10px;--padding-right:10px;}.elementor-3336 .elementor-element.elementor-element-4b3ec59{--padding-top:0px;--padding-bottom:0px;--padding-left:10px;--padding-right:10px;}.elementor-3336 .elementor-element.elementor-element-3f02a88 .elementor-heading-title{font-size:38px;}.elementor-3336 .elementor-element.elementor-element-127928c{font-size:var( --e-global-typography-text-font-size );line-height:var( --e-global-typography-text-line-height );letter-spacing:var( --e-global-typography-text-letter-spacing );--container-widget-width:625px;--container-widget-flex-grow:0;width:var( --container-widget-width, 625px );max-width:625px;}.elementor-3336 .elementor-element.elementor-element-33f9a2a{--padding-top:15px;--padding-bottom:0px;--padding-left:30px;--padding-right:0px;}.elementor-3336 .elementor-element.elementor-element-9f03bde{--padding-top:0px;--padding-bottom:0px;--padding-left:0px;--padding-right:0px;}.elementor-3336 .elementor-element.elementor-element-9a8210d > .elementor-widget-container{padding:0px 0px 0px 0px;}.elementor-3336 .elementor-element.elementor-element-75190d32{--padding-top:30px;--padding-bottom:30px;--padding-left:20px;--padding-right:20px;}.elementor-3336 .elementor-element.elementor-element-c745e11 .elementor-button{padding:10px 30px 10px 30px;}.elementor-3336 .elementor-element.elementor-element-d0980cc .elementor-button{padding:10px 30px 10px 30px;}}@media(max-width:767px){.elementor-3336 .elementor-element.elementor-element-3339bea{--padding-top:20px;--padding-bottom:30px;--padding-left:10px;--padding-right:10px;}.elementor-3336 .elementor-element.elementor-element-4b3ec59{--padding-top:0px;--padding-bottom:0px;--padding-left:10px;--padding-right:10px;}.elementor-3336 .elementor-element.elementor-element-3f02a88 .elementor-heading-title{font-size:34px;}.elementor-3336 .elementor-element.elementor-element-127928c{font-size:var( --e-global-typography-text-font-size );line-height:var( --e-global-typography-text-line-height );letter-spacing:var( --e-global-typography-text-letter-spacing );}.elementor-3336 .elementor-element.elementor-element-33f9a2a{--padding-top:15px;--padding-bottom:0px;--padding-left:10px;--padding-right:0px;}.elementor-3336 .elementor-element.elementor-element-9f03bde{--padding-top:0px;--padding-bottom:0px;--padding-left:0px;--padding-right:0px;}.elementor-3336 .elementor-element.elementor-element-9a8210d > .elementor-widget-container{padding:0px 0px 0px 0px;}.elementor-3336 .elementor-element.elementor-element-75190d32{--padding-top:0px;--padding-bottom:30px;--padding-left:0px;--padding-right:0px;}.elementor-3336 .elementor-element.elementor-element-6562b9c{--flex-direction:column;--container-widget-width:100%;--container-widget-height:initial;--container-widget-flex-grow:0;--container-widget-align-self:initial;--flex-wrap-mobile:wrap;--justify-content:space-between;--gap:20px 0px;--row-gap:20px;--column-gap:0px;--padding-top:0px;--padding-bottom:0px;--padding-left:0px;--padding-right:0px;}.elementor-3336 .elementor-element.elementor-element-c745e11 .elementor-button{padding:10px 020px 10px 20px;}.elementor-3336 .elementor-element.elementor-element-d0980cc .elementor-button{padding:10px 020px 10px 20px;}}\/* Start custom CSS for shortcode, class: .elementor-element-6bf9c04 *\/.elementor-3336 .elementor-element.elementor-element-6bf9c04 p a{\n    color: #fff;\n            margin-right: 10px;\n            font-family: 'Roboto', 'Sans-Serif' !important;\n}\n\n.elementor-3336 .elementor-element.elementor-element-6bf9c04 p span {\n        color: #fff;\n        margin-right: 10px;\n         font-family: 'Roboto', 'Sans-Serif' !important;\n}\n\n\n\n\/* Add Font Awesome icon before 'Home' *\/\n.rank-math-breadcrumb a[href=\"https:\/\/advisory34.com\"]::before {\n    content: \"\\f015\"; \n    font-family: \"Font Awesome 5 Free\"; \n    font-weight: 900; \n    margin-right: 10px; \n    margin-bottom: 2px;\n    display: inline-block;\n    vertical-align: middle; \n}\n\n\n.rank-math-breadcrumb .separator {\n    margin: 0 5px;\n}\/* End custom CSS *\/<\/style>\t\t<div data-elementor-type=\"wp-page\" data-elementor-id=\"3336\" class=\"elementor elementor-3336 elementor-2268\" data-elementor-post-type=\"page\">\n\t\t\t\t<div class=\"elementor-element elementor-element-3339bea e-flex e-con-boxed e-con e-parent\" data-id=\"3339bea\" data-element_type=\"container\" data-e-type=\"container\" data-settings=\"{&quot;background_background&quot;:&quot;classic&quot;}\">\n\t\t\t\t\t<div class=\"e-con-inner\">\n\t\t<div class=\"elementor-element elementor-element-4b3ec59 e-flex e-con-boxed e-con e-child\" data-id=\"4b3ec59\" data-element_type=\"container\" data-e-type=\"container\">\n\t\t\t\t\t<div class=\"e-con-inner\">\n\t\t\t\t<div class=\"elementor-element elementor-element-3f02a88 elementor-widget elementor-widget-heading\" data-id=\"3f02a88\" data-element_type=\"widget\" data-e-type=\"widget\" data-widget_type=\"heading.default\">\n\t\t\t\t<div class=\"elementor-widget-container\">\n\t\t\t\t\t<h1 class=\"elementor-heading-title elementor-size-default\">\u00danase a la comunidad Advisory34<\/h1>\t\t\t\t<\/div>\n\t\t\t\t<\/div>\n\t\t\t\t<div class=\"elementor-element elementor-element-127928c animated-slow elementor-widget__width-initial elementor-invisible elementor-widget elementor-widget-text-editor\" data-id=\"127928c\" data-element_type=\"widget\" data-e-type=\"widget\" data-settings=\"{&quot;_animation&quot;:&quot;fadeIn&quot;}\" data-widget_type=\"text-editor.default\">\n\t\t\t\t<div class=\"elementor-widget-container\">\n\t\t\t\t\t\t\t\t\t<p>\u00a1Estamos encantados de que se una a nosotros!<\/p>\t\t\t\t\t\t\t\t<\/div>\n\t\t\t\t<\/div>\n\t\t\t\t\t<\/div>\n\t\t\t\t<\/div>\n\t\t\t\t\t<\/div>\n\t\t\t\t<\/div>\n\t\t<div class=\"elementor-element elementor-element-33f9a2a e-flex e-con-boxed e-con e-parent\" data-id=\"33f9a2a\" data-element_type=\"container\" data-e-type=\"container\" data-settings=\"{&quot;background_background&quot;:&quot;classic&quot;}\">\n\t\t\t\t\t<div class=\"e-con-inner\">\n\t\t\t\t<div class=\"elementor-element elementor-element-6bf9c04 elementor-widget elementor-widget-shortcode\" data-id=\"6bf9c04\" data-element_type=\"widget\" data-e-type=\"widget\" data-widget_type=\"shortcode.default\">\n\t\t\t\t<div class=\"elementor-widget-container\">\n\t\t\t\t\t\t\t<div class=\"elementor-shortcode\"><nav aria-label=\"breadcrumbs\" class=\"rank-math-breadcrumb\"><p><span class=\"last\">Home<\/span><\/p><\/nav><\/div>\n\t\t\t\t\t\t<\/div>\n\t\t\t\t<\/div>\n\t\t\t\t\t<\/div>\n\t\t\t\t<\/div>\n\t\t<div class=\"elementor-element elementor-element-e88f73e e-flex e-con-boxed e-con e-parent\" data-id=\"e88f73e\" data-element_type=\"container\" data-e-type=\"container\">\n\t\t\t\t\t<div class=\"e-con-inner\">\n\t\t<div class=\"elementor-element elementor-element-9f03bde e-con-full e-flex e-con e-child\" data-id=\"9f03bde\" data-element_type=\"container\" data-e-type=\"container\">\n\t\t\t\t<div class=\"elementor-element elementor-element-9a8210d elementor-widget elementor-widget-text-editor\" data-id=\"9a8210d\" data-element_type=\"widget\" data-e-type=\"widget\" data-widget_type=\"text-editor.default\">\n\t\t\t\t<div class=\"elementor-widget-container\">\n\t\t\t\t\t\t\t\t\t<p>Como miembro valioso, su acceso exclusivo le permite explorar una serie de herramientas \u00fatiles, descargar folletos informativos y descubrir oportunidades de inversi\u00f3n \u00fanicas. Nuestro equipo est\u00e1 siempre a su disposici\u00f3n. No dude en ponerse en contacto con nosotros si necesita m\u00e1s informaci\u00f3n o ayuda.<\/p>\t\t\t\t\t\t\t\t<\/div>\n\t\t\t\t<\/div>\n\t\t\t\t<\/div>\n\t\t\t\t\t<\/div>\n\t\t\t\t<\/div>\n\t\t<div class=\"elementor-element elementor-element-75190d32 e-flex e-con-boxed e-con e-parent\" data-id=\"75190d32\" data-element_type=\"container\" data-e-type=\"container\">\n\t\t\t\t\t<div class=\"e-con-inner\">\n\t\t<div class=\"elementor-element elementor-element-6562b9c e-con-full e-flex e-con e-child\" data-id=\"6562b9c\" data-element_type=\"container\" data-e-type=\"container\">\n\t\t\t\t<div class=\"elementor-element elementor-element-c745e11 elementor-align-center elementor-widget elementor-widget-button\" data-id=\"c745e11\" data-element_type=\"widget\" data-e-type=\"widget\" data-widget_type=\"button.default\">\n\t\t\t\t<div class=\"elementor-widget-container\">\n\t\t\t\t\t\t\t\t\t<div class=\"elementor-button-wrapper\">\n\t\t\t\t\t<a class=\"elementor-button elementor-button-link elementor-size-sm\" href=\"https:\/\/advisory34.com\/es\/registrese\/registro-individual\/\">\n\t\t\t\t\t\t<span class=\"elementor-button-content-wrapper\">\n\t\t\t\t\t\t\t\t\t<span class=\"elementor-button-text\">\u00danase a nosotros como particular<\/span>\n\t\t\t\t\t<\/span>\n\t\t\t\t\t<\/a>\n\t\t\t\t<\/div>\n\t\t\t\t\t\t\t\t<\/div>\n\t\t\t\t<\/div>\n\t\t\t\t<div class=\"elementor-element elementor-element-d0980cc elementor-align-center elementor-widget elementor-widget-button\" data-id=\"d0980cc\" data-element_type=\"widget\" data-e-type=\"widget\" data-widget_type=\"button.default\">\n\t\t\t\t<div class=\"elementor-widget-container\">\n\t\t\t\t\t\t\t\t\t<div class=\"elementor-button-wrapper\">\n\t\t\t\t\t<a class=\"elementor-button elementor-button-link elementor-size-sm\" href=\"https:\/\/advisory34.com\/es\/registrese\/registro-empresa\/\">\n\t\t\t\t\t\t<span class=\"elementor-button-content-wrapper\">\n\t\t\t\t\t\t\t\t\t<span class=\"elementor-button-text\">\u00danase a nosotros como empresa<\/span>\n\t\t\t\t\t<\/span>\n\t\t\t\t\t<\/a>\n\t\t\t\t<\/div>\n\t\t\t\t\t\t\t\t<\/div>\n\t\t\t\t<\/div>\n\t\t\t\t<\/div>\n\t\t\t\t\t<\/div>\n\t\t\t\t<\/div>\n\t\t\t\t<\/div>\n\t\t","protected":false},"excerpt":{"rendered":"<p>\u00danase a la comunidad Advisory34 \u00a1Estamos encantados de que se una a nosotros! Como miembro valioso, su acceso exclusivo le permite explorar una serie de herramientas \u00fatiles, descargar folletos informativos y descubrir oportunidades de inversi\u00f3n \u00fanicas. Nuestro equipo est\u00e1 siempre a su disposici\u00f3n. No dude en ponerse en contacto con nosotros si necesita m\u00e1s informaci\u00f3n [&hellip;]<\/p>\n","protected":false},"author":33,"featured_media":0,"parent":0,"menu_order":0,"comment_status":"closed","ping_status":"closed","template":"","meta":{"_acf_changed":false,"footnotes":""},"class_list":["post-3336","page","type-page","status-publish","hentry"],"acf":[],"_links":{"self":[{"href":"https:\/\/advisory34.com\/es\/wp-json\/wp\/v2\/pages\/3336","targetHints":{"allow":["GET"]}}],"collection":[{"href":"https:\/\/advisory34.com\/es\/wp-json\/wp\/v2\/pages"}],"about":[{"href":"https:\/\/advisory34.com\/es\/wp-json\/wp\/v2\/types\/page"}],"author":[{"embeddable":true,"href":"https:\/\/advisory34.com\/es\/wp-json\/wp\/v2\/users\/33"}],"replies":[{"embeddable":true,"href":"https:\/\/advisory34.com\/es\/wp-json\/wp\/v2\/comments?post=3336"}],"version-history":[{"count":12,"href":"https:\/\/advisory34.com\/es\/wp-json\/wp\/v2\/pages\/3336\/revisions"}],"predecessor-version":[{"id":3738,"href":"https:\/\/advisory34.com\/es\/wp-json\/wp\/v2\/pages\/3336\/revisions\/3738"}],"wp:attachment":[{"href":"https:\/\/advisory34.com\/es\/wp-json\/wp\/v2\/media?parent=3336"}],"curies":[{"name":"wp","href":"https:\/\/api.w.org\/{rel}","templated":true}]}}