{"id":3396,"date":"2025-01-04T23:25:12","date_gmt":"2025-01-04T23:25:12","guid":{"rendered":"https:\/\/advisory34.com\/password-reset\/"},"modified":"2025-01-26T16:01:11","modified_gmt":"2025-01-26T16:01:11","slug":"restablecer-contrasena","status":"publish","type":"page","link":"https:\/\/advisory34.com\/es\/restablecer-contrasena\/","title":{"rendered":"Restablecer contrase\u00f1a"},"content":{"rendered":"<style>.elementor-3396 .elementor-element.elementor-element-7bba91c{--display:flex;--min-height:400px;--flex-direction:row;--container-widget-width:calc( ( 1 - var( --container-widget-flex-grow ) ) * 100% );--container-widget-height:100%;--container-widget-flex-grow:1;--container-widget-align-self:stretch;--flex-wrap-mobile:wrap;--align-items:flex-end;--gap:10px 10px;--row-gap:10px;--column-gap:10px;--overlay-opacity:0.75;--margin-top:0px;--margin-bottom:0px;--margin-left:0px;--margin-right:0px;--padding-top:20px;--padding-bottom:30px;--padding-left:0px;--padding-right:0px;--z-index:20;}.elementor-3396 .elementor-element.elementor-element-7bba91c:not(.elementor-motion-effects-element-type-background), .elementor-3396 .elementor-element.elementor-element-7bba91c > .elementor-motion-effects-container > .elementor-motion-effects-layer{background-color:var( --e-global-color-7a43964 );background-image:url(\"https:\/\/advisory34.com\/wp-content\/uploads\/2025\/01\/Member_Landing-Page-scaled.jpg\");background-position:center center;background-repeat:no-repeat;background-size:cover;}.elementor-3396 .elementor-element.elementor-element-7bba91c::before, .elementor-3396 .elementor-element.elementor-element-7bba91c > .elementor-background-video-container::before, .elementor-3396 .elementor-element.elementor-element-7bba91c > .e-con-inner > .elementor-background-video-container::before, .elementor-3396 .elementor-element.elementor-element-7bba91c > .elementor-background-slideshow::before, .elementor-3396 .elementor-element.elementor-element-7bba91c > .e-con-inner > .elementor-background-slideshow::before, .elementor-3396 .elementor-element.elementor-element-7bba91c > .elementor-motion-effects-container > .elementor-motion-effects-layer::before{--background-overlay:'';background-color:#000000;}.elementor-3396 .elementor-element.elementor-element-7bba91c::before{filter:brightness( 100% ) contrast( 100% ) saturate( 200% ) blur( 0px ) hue-rotate( 0deg );}.elementor-3396 .elementor-element.elementor-element-51acedd{--display:flex;--justify-content:flex-start;--margin-top:0px;--margin-bottom:0px;--margin-left:0px;--margin-right:0px;--padding-top:0px;--padding-bottom:0px;--padding-left:20px;--padding-right:20px;}.elementor-3396 .elementor-element.elementor-element-43cc06d .elementor-heading-title{font-family:\"Lexend\", Sans-serif;font-size:48px;font-weight:400;line-height:1.2em;letter-spacing:-0.04em;color:var( --e-global-color-secondary );}.elementor-3396 .elementor-element.elementor-element-43cc06d > .elementor-widget-container{margin:0px 0px 0px 0px;padding:0px 0px 0px 0px;}.elementor-3396 .elementor-element.elementor-element-8af2e53{text-align:start;font-family:var( --e-global-typography-text-font-family ), Sans-serif;font-size:var( --e-global-typography-text-font-size );font-weight:var( --e-global-typography-text-font-weight );line-height:var( --e-global-typography-text-line-height );letter-spacing:var( --e-global-typography-text-letter-spacing );color:#FFFFFF;width:var( --container-widget-width, 800px );max-width:800px;--container-widget-width:800px;--container-widget-flex-grow:0;}.elementor-3396 .elementor-element.elementor-element-8af2e53 > .elementor-widget-container{margin:0px 0px 0px 0px;}.elementor-3396 .elementor-element.elementor-element-8af2e53.elementor-element{--align-self:flex-start;}.elementor-3396 .elementor-element.elementor-element-b5ed346{--display:flex;--flex-direction:column;--container-widget-width:100%;--container-widget-height:initial;--container-widget-flex-grow:0;--container-widget-align-self:initial;--flex-wrap-mobile:wrap;--padding-top:15px;--padding-bottom:0px;--padding-left:40px;--padding-right:0px;}.elementor-3396 .elementor-element.elementor-element-b5ed346:not(.elementor-motion-effects-element-type-background), .elementor-3396 .elementor-element.elementor-element-b5ed346 > .elementor-motion-effects-container > .elementor-motion-effects-layer{background-color:#222A35;}.elementor-3396 .elementor-element.elementor-element-a5d060c > .elementor-widget-container{padding:0px 0px 0px 0px;}.elementor-3396 .elementor-element.elementor-element-49d612b1{--display:flex;--padding-top:30px;--padding-bottom:30px;--padding-left:20px;--padding-right:20px;}@media(min-width:768px){.elementor-3396 .elementor-element.elementor-element-7bba91c{--content-width:1440px;}.elementor-3396 .elementor-element.elementor-element-51acedd{--content-width:1440px;}}@media(max-width:1024px){.elementor-3396 .elementor-element.elementor-element-7bba91c{--margin-top:0px;--margin-bottom:0px;--margin-left:0px;--margin-right:0px;--padding-top:20px;--padding-bottom:30px;--padding-left:10px;--padding-right:10px;}.elementor-3396 .elementor-element.elementor-element-51acedd{--padding-top:0px;--padding-bottom:0px;--padding-left:10px;--padding-right:10px;}.elementor-3396 .elementor-element.elementor-element-43cc06d .elementor-heading-title{font-size:38px;}.elementor-3396 .elementor-element.elementor-element-8af2e53{font-size:var( --e-global-typography-text-font-size );line-height:var( --e-global-typography-text-line-height );letter-spacing:var( --e-global-typography-text-letter-spacing );--container-widget-width:625px;--container-widget-flex-grow:0;width:var( --container-widget-width, 625px );max-width:625px;}.elementor-3396 .elementor-element.elementor-element-b5ed346{--padding-top:15px;--padding-bottom:0px;--padding-left:30px;--padding-right:0px;}}@media(max-width:767px){.elementor-3396 .elementor-element.elementor-element-7bba91c{--padding-top:20px;--padding-bottom:30px;--padding-left:10px;--padding-right:10px;}.elementor-3396 .elementor-element.elementor-element-51acedd{--padding-top:0px;--padding-bottom:0px;--padding-left:10px;--padding-right:10px;}.elementor-3396 .elementor-element.elementor-element-43cc06d .elementor-heading-title{font-size:34px;}.elementor-3396 .elementor-element.elementor-element-8af2e53{font-size:var( --e-global-typography-text-font-size );line-height:var( --e-global-typography-text-line-height );letter-spacing:var( --e-global-typography-text-letter-spacing );}.elementor-3396 .elementor-element.elementor-element-b5ed346{--padding-top:15px;--padding-bottom:0px;--padding-left:10px;--padding-right:0px;}}\/* Start custom CSS for shortcode, class: .elementor-element-a5d060c *\/.elementor-3396 .elementor-element.elementor-element-a5d060c p a{\n    color: #fff;\n            margin-right: 10px;\n            font-family: 'Roboto', 'Sans-Serif' !important;\n}\n\n.elementor-3396 .elementor-element.elementor-element-a5d060c p span {\n        color: #fff;\n        margin-right: 10px;\n         font-family: 'Roboto', 'Sans-Serif' !important;\n}\n\n\n\n\/* Add Font Awesome icon before 'Home' *\/\n.rank-math-breadcrumb a[href=\"https:\/\/advisory34.com\"]::before {\n    content: \"\\f015\"; \n    font-family: \"Font Awesome 5 Free\"; \n    font-weight: 900; \n    margin-right: 10px; \n    margin-bottom: 2px;\n    display: inline-block;\n    vertical-align: middle; \n}\n\n\n.rank-math-breadcrumb .separator {\n    margin: 0 5px;\n}\/* End custom CSS *\/\n\/* Start custom CSS for shortcode, class: .elementor-element-6ea015ba *\/.um-field-block:first-child {\n    display: none;\n}\n\n\/* Base button styles *\/\n.um .um-button,\n.um a.um-button,\n.um input[type=submit].um-button {\n    background: #203864 !important; \/* Button background color *\/\n    color: #FFFFFF !important; \/* Text color *\/\n    font-family: 'Lexend', sans-serif !important; \/* Apply Lexend font *\/\n    padding: 18px 32px !important; \/* Padding: top-bottom 18px, left-right 32px *\/\n    border-radius: 50px !important; \/* Rounded corners *\/\n    border: none !important; \/* Remove any border *\/\n    transition: background-color 0.3s ease !important; \/* Smooth hover effect *\/\n    font-size: 16px !important; \/* Adjust font size if needed *\/\n    font-weight: 400 !important; \/* Adjust font weight to match your design *\/\n}\n\n\/* Hover state *\/\n.um .um-button:hover,\n.um a.um-button:hover,\n.um input[type=submit].um-button:hover {\n    background: #2F5597 !important; \/* Hover background color *\/\n    color: #FFFFFF !important; \/* Keep text color consistent *\/\n}\/* End custom CSS *\/<\/style>\t\t<div data-elementor-type=\"wp-page\" data-elementor-id=\"3396\" class=\"elementor elementor-3396 elementor-2272\" data-elementor-post-type=\"page\">\n\t\t\t\t<div class=\"elementor-element elementor-element-7bba91c e-flex e-con-boxed e-con e-parent\" data-id=\"7bba91c\" data-element_type=\"container\" data-e-type=\"container\" data-settings=\"{&quot;background_background&quot;:&quot;classic&quot;}\">\n\t\t\t\t\t<div class=\"e-con-inner\">\n\t\t<div class=\"elementor-element elementor-element-51acedd e-flex e-con-boxed e-con e-child\" data-id=\"51acedd\" data-element_type=\"container\" data-e-type=\"container\">\n\t\t\t\t\t<div class=\"e-con-inner\">\n\t\t\t\t<div class=\"elementor-element elementor-element-43cc06d elementor-widget elementor-widget-heading\" data-id=\"43cc06d\" data-element_type=\"widget\" data-e-type=\"widget\" data-widget_type=\"heading.default\">\n\t\t\t\t<div class=\"elementor-widget-container\">\n\t\t\t\t\t<h1 class=\"elementor-heading-title elementor-size-default\">Restablecer contrase\u00f1a<\/h1>\t\t\t\t<\/div>\n\t\t\t\t<\/div>\n\t\t\t\t<div class=\"elementor-element elementor-element-8af2e53 animated-slow elementor-widget__width-initial elementor-invisible elementor-widget elementor-widget-text-editor\" data-id=\"8af2e53\" data-element_type=\"widget\" data-e-type=\"widget\" data-settings=\"{&quot;_animation&quot;:&quot;fadeIn&quot;}\" data-widget_type=\"text-editor.default\">\n\t\t\t\t<div class=\"elementor-widget-container\">\n\t\t\t\t\t\t\t\t\t<p>Para restablecer su contrase\u00f1a, por favor ingrese su correo electr\u00f3nico.<\/p>\t\t\t\t\t\t\t\t<\/div>\n\t\t\t\t<\/div>\n\t\t\t\t\t<\/div>\n\t\t\t\t<\/div>\n\t\t\t\t\t<\/div>\n\t\t\t\t<\/div>\n\t\t<div class=\"elementor-element elementor-element-b5ed346 e-flex e-con-boxed e-con e-parent\" data-id=\"b5ed346\" data-element_type=\"container\" data-e-type=\"container\" data-settings=\"{&quot;background_background&quot;:&quot;classic&quot;}\">\n\t\t\t\t\t<div class=\"e-con-inner\">\n\t\t\t\t<div class=\"elementor-element elementor-element-a5d060c elementor-widget elementor-widget-shortcode\" data-id=\"a5d060c\" data-element_type=\"widget\" data-e-type=\"widget\" data-widget_type=\"shortcode.default\">\n\t\t\t\t<div class=\"elementor-widget-container\">\n\t\t\t\t\t\t\t<div class=\"elementor-shortcode\"><nav aria-label=\"breadcrumbs\" class=\"rank-math-breadcrumb\"><p><span class=\"last\">Home<\/span><\/p><\/nav><\/div>\n\t\t\t\t\t\t<\/div>\n\t\t\t\t<\/div>\n\t\t\t\t\t<\/div>\n\t\t\t\t<\/div>\n\t\t<div class=\"elementor-element elementor-element-49d612b1 e-flex e-con-boxed e-con e-parent\" data-id=\"49d612b1\" data-element_type=\"container\" data-e-type=\"container\">\n\t\t\t\t\t<div class=\"e-con-inner\">\n\t\t\t\t<div class=\"elementor-element elementor-element-6ea015ba elementor-widget elementor-widget-shortcode\" data-id=\"6ea015ba\" data-element_type=\"widget\" data-e-type=\"widget\" data-widget_type=\"shortcode.default\">\n\t\t\t\t<div class=\"elementor-widget-container\">\n\t\t\t\t\t\t\t<div class=\"elementor-shortcode\"><div class=\"um um-password um-um_password_id\">\n\t<div class=\"um-form\">\n\t\t<form method=\"post\" action=\"\">\n\t\t\t\n\t\t\t\t<input type=\"hidden\" name=\"_um_password_reset\" id=\"_um_password_reset\" value=\"1\" \/>\n\n\t\t\t\t\t\t\t\t\t<div class=\"um-field um-field-block um-field-type_block\">\n\t\t\t\t\t\t<div class=\"um-field-block\">\n\t\t\t\t\t\t\t<div style=\"text-align:center;\">\n\t\t\t\t\t\t\t\tPara restablecer tu contrase\u00f1a, por favor, introduce a continuaci\u00f3n tu direcci\u00f3n de correo electr\u00f3nico o nombre de usuario.\t\t\t\t\t\t\t<\/div>\n\t\t\t\t\t\t<\/div>\n\t\t\t\t\t<\/div>\n\t\t\t\t\t<div  id=\"um_field_0_username_b\" class=\"um-field um-field-text  um-field-username_b um-field-text um-field-type_text\" data-key=\"username_b\"><div class=\"um-field-area\"><input  autocomplete=\"off\" class=\"um-form-field valid \" type=\"text\" name=\"username_b\" id=\"username_b\" value=\"\" placeholder=\"Correo electr\u00f3nico\" data-validate=\"\" data-key=\"username_b\"  aria-invalid=\"false\" \/>\n\n\t\t\t\t\t\t<\/div><\/div>\n<div class=\"um-field\">\n\t<div class=\"g-recaptcha\" id=\"um-um_password_id\" data-type=\"image\" data-size=\"normal\" data-theme=\"light\" data-sitekey=\"6LdRNpsqAAAAANLL1X9hCceDMW1BcnytrqZx_KB1\"><\/div>\n<\/div>\n\n\n<script type=\"text\/javascript\">\n\t\n\t\tvar onloadCallback = function () {\n\t\t\tjQuery('.g-recaptcha').each( function (i) {\n\t\t\t\tgrecaptcha.render( jQuery(this).attr('id'), {\n\t\t\t\t\t'sitekey': jQuery(this).attr('data-sitekey'),\n\t\t\t\t\t'theme': jQuery(this).attr('data-theme')\n\t\t\t\t});\n\t\t\t});\n\t\t};\n\n\t\tfunction um_recaptcha_refresh() {\n\t\t\tjQuery('.g-recaptcha').html('');\n\t\t\tgrecaptcha.reset();\n\t\t\tonloadCallback();\n\t\t}\n\n\t<\/script>\n\t\t\t\t<div class=\"um-col-alt um-col-alt-b\">\n\t\t\t\t\t<div class=\"um-center\">\n\t\t\t\t\t\t<input type=\"submit\" value=\"Restablecer contrase\u00f1a\" class=\"um-button\" id=\"um-submit-btn\" \/>\n\t\t\t\t\t<\/div>\n\t\t\t\t\t<div class=\"um-clear\"><\/div>\n\t\t\t\t<\/div>\n\t\t\t\t\t<input type=\"hidden\" name=\"form_id\" id=\"form_id_um_password_id\" value=\"um_password_id\" \/>\n\t\t<p class=\"um_request_name\">\n\t\t<label for=\"um_request_um_password_id\">Only fill in if you are not human<\/label>\n\t\t<input type=\"hidden\" name=\"um_request\" id=\"um_request_um_password_id\" class=\"input\" value=\"\" size=\"25\" autocomplete=\"off\" \/>\n\t<\/p>\n\t\t\t<\/form>\n\t<\/div>\n<\/div>\n<style>\n\t\t\t.um-um_password_id.um {\n\t\t\tmax-width: 450px;\n\t\t}\n\t\t<\/style>\n<\/div>\n\t\t\t\t\t\t<\/div>\n\t\t\t\t<\/div>\n\t\t\t\t\t<\/div>\n\t\t\t\t<\/div>\n\t\t\t\t<\/div>\n\t\t","protected":false},"excerpt":{"rendered":"<p>Restablecer contrase\u00f1a Para restablecer su contrase\u00f1a, por favor ingrese su correo electr\u00f3nico.<\/p>\n","protected":false},"author":33,"featured_media":0,"parent":0,"menu_order":0,"comment_status":"closed","ping_status":"closed","template":"","meta":{"_acf_changed":false,"footnotes":""},"class_list":["post-3396","page","type-page","status-publish","hentry"],"acf":[],"_links":{"self":[{"href":"https:\/\/advisory34.com\/es\/wp-json\/wp\/v2\/pages\/3396","targetHints":{"allow":["GET"]}}],"collection":[{"href":"https:\/\/advisory34.com\/es\/wp-json\/wp\/v2\/pages"}],"about":[{"href":"https:\/\/advisory34.com\/es\/wp-json\/wp\/v2\/types\/page"}],"author":[{"embeddable":true,"href":"https:\/\/advisory34.com\/es\/wp-json\/wp\/v2\/users\/33"}],"replies":[{"embeddable":true,"href":"https:\/\/advisory34.com\/es\/wp-json\/wp\/v2\/comments?post=3396"}],"version-history":[{"count":8,"href":"https:\/\/advisory34.com\/es\/wp-json\/wp\/v2\/pages\/3396\/revisions"}],"predecessor-version":[{"id":3792,"href":"https:\/\/advisory34.com\/es\/wp-json\/wp\/v2\/pages\/3396\/revisions\/3792"}],"wp:attachment":[{"href":"https:\/\/advisory34.com\/es\/wp-json\/wp\/v2\/media?parent=3396"}],"curies":[{"name":"wp","href":"https:\/\/api.w.org\/{rel}","templated":true}]}}