{"id":3418,"date":"2024-12-13T18:47:35","date_gmt":"2024-12-13T18:47:35","guid":{"rendered":"https:\/\/advisory34.com\/privacy-policy\/"},"modified":"2025-01-20T15:23:27","modified_gmt":"2025-01-20T15:23:27","slug":"politica-de-privacidad","status":"publish","type":"page","link":"https:\/\/advisory34.com\/es\/politica-de-privacidad\/","title":{"rendered":"Pol\u00edtica de privacidad"},"content":{"rendered":"<style>.elementor-3418 .elementor-element.elementor-element-0ab3b14{--display:flex;--min-height:400px;--flex-direction:row;--container-widget-width:calc( ( 1 - var( --container-widget-flex-grow ) ) * 100% );--container-widget-height:100%;--container-widget-flex-grow:1;--container-widget-align-self:stretch;--flex-wrap-mobile:wrap;--align-items:flex-end;--gap:10px 10px;--row-gap:10px;--column-gap:10px;--overlay-opacity:0.75;--margin-top:0px;--margin-bottom:0px;--margin-left:0px;--margin-right:0px;--padding-top:20px;--padding-bottom:30px;--padding-left:0px;--padding-right:0px;--z-index:20;}.elementor-3418 .elementor-element.elementor-element-0ab3b14:not(.elementor-motion-effects-element-type-background), .elementor-3418 .elementor-element.elementor-element-0ab3b14 > .elementor-motion-effects-container > .elementor-motion-effects-layer{background-color:var( --e-global-color-7a43964 );}.elementor-3418 .elementor-element.elementor-element-0ab3b14::before, .elementor-3418 .elementor-element.elementor-element-0ab3b14 > .elementor-background-video-container::before, .elementor-3418 .elementor-element.elementor-element-0ab3b14 > .e-con-inner > .elementor-background-video-container::before, .elementor-3418 .elementor-element.elementor-element-0ab3b14 > .elementor-background-slideshow::before, .elementor-3418 .elementor-element.elementor-element-0ab3b14 > .e-con-inner > .elementor-background-slideshow::before, .elementor-3418 .elementor-element.elementor-element-0ab3b14 > .elementor-motion-effects-container > .elementor-motion-effects-layer::before{--background-overlay:'';background-color:#000000;}.elementor-3418 .elementor-element.elementor-element-0ab3b14::before{filter:brightness( 100% ) contrast( 100% ) saturate( 200% ) blur( 0px ) hue-rotate( 0deg );}.elementor-3418 .elementor-element.elementor-element-615344f{--display:flex;--justify-content:flex-start;--margin-top:0px;--margin-bottom:0px;--margin-left:0px;--margin-right:0px;--padding-top:0px;--padding-bottom:0px;--padding-left:20px;--padding-right:20px;}.elementor-3418 .elementor-element.elementor-element-30106eb .elementor-heading-title{font-family:\"Lexend\", Sans-serif;font-size:48px;font-weight:400;line-height:1.2em;letter-spacing:-0.04em;color:var( --e-global-color-secondary );}.elementor-3418 .elementor-element.elementor-element-30106eb > .elementor-widget-container{margin:0px 0px 0px 0px;padding:0px 0px 0px 0px;}.elementor-3418 .elementor-element.elementor-element-c5aaff2{text-align:start;font-family:var( --e-global-typography-text-font-family ), Sans-serif;font-size:var( --e-global-typography-text-font-size );font-weight:var( --e-global-typography-text-font-weight );line-height:var( --e-global-typography-text-line-height );letter-spacing:var( --e-global-typography-text-letter-spacing );color:#FFFFFF;width:var( --container-widget-width, 748px );max-width:748px;--container-widget-width:748px;--container-widget-flex-grow:0;}.elementor-3418 .elementor-element.elementor-element-c5aaff2 > .elementor-widget-container{margin:0px 0px 0px 0px;}.elementor-3418 .elementor-element.elementor-element-c5aaff2.elementor-element{--align-self:flex-start;}.elementor-3418 .elementor-element.elementor-element-825e405{--display:flex;--flex-direction:column;--container-widget-width:100%;--container-widget-height:initial;--container-widget-flex-grow:0;--container-widget-align-self:initial;--flex-wrap-mobile:wrap;--padding-top:15px;--padding-bottom:0px;--padding-left:40px;--padding-right:0px;}.elementor-3418 .elementor-element.elementor-element-825e405:not(.elementor-motion-effects-element-type-background), .elementor-3418 .elementor-element.elementor-element-825e405 > .elementor-motion-effects-container > .elementor-motion-effects-layer{background-color:#222A35;}.elementor-3418 .elementor-element.elementor-element-561a417 > .elementor-widget-container{padding:0px 0px 0px 0px;}.elementor-3418 .elementor-element.elementor-element-45cd47b9{--display:flex;--padding-top:30px;--padding-bottom:30px;--padding-left:20px;--padding-right:20px;}.elementor-3418 .elementor-element.elementor-element-6960c427{color:#000000;}@media(min-width:768px){.elementor-3418 .elementor-element.elementor-element-0ab3b14{--content-width:1440px;}.elementor-3418 .elementor-element.elementor-element-615344f{--content-width:1440px;}}@media(max-width:1024px){.elementor-3418 .elementor-element.elementor-element-0ab3b14{--margin-top:0px;--margin-bottom:0px;--margin-left:0px;--margin-right:0px;--padding-top:20px;--padding-bottom:30px;--padding-left:10px;--padding-right:10px;}.elementor-3418 .elementor-element.elementor-element-615344f{--padding-top:0px;--padding-bottom:0px;--padding-left:10px;--padding-right:10px;}.elementor-3418 .elementor-element.elementor-element-30106eb .elementor-heading-title{font-size:38px;}.elementor-3418 .elementor-element.elementor-element-c5aaff2{font-size:var( --e-global-typography-text-font-size );line-height:var( --e-global-typography-text-line-height );letter-spacing:var( --e-global-typography-text-letter-spacing );--container-widget-width:625px;--container-widget-flex-grow:0;width:var( --container-widget-width, 625px );max-width:625px;}.elementor-3418 .elementor-element.elementor-element-825e405{--padding-top:15px;--padding-bottom:0px;--padding-left:30px;--padding-right:0px;}}@media(max-width:767px){.elementor-3418 .elementor-element.elementor-element-0ab3b14{--padding-top:20px;--padding-bottom:30px;--padding-left:10px;--padding-right:10px;}.elementor-3418 .elementor-element.elementor-element-615344f{--padding-top:0px;--padding-bottom:0px;--padding-left:10px;--padding-right:10px;}.elementor-3418 .elementor-element.elementor-element-30106eb .elementor-heading-title{font-size:34px;}.elementor-3418 .elementor-element.elementor-element-c5aaff2{font-size:var( --e-global-typography-text-font-size );line-height:var( --e-global-typography-text-line-height );letter-spacing:var( --e-global-typography-text-letter-spacing );}.elementor-3418 .elementor-element.elementor-element-825e405{--padding-top:15px;--padding-bottom:0px;--padding-left:10px;--padding-right:0px;}}\/* Start custom CSS for shortcode, class: .elementor-element-561a417 *\/.elementor-3418 .elementor-element.elementor-element-561a417 p a{\n    color: #fff;\n            margin-right: 10px;\n            font-family: 'Roboto', 'Sans-Serif' !important;\n}\n\n.elementor-3418 .elementor-element.elementor-element-561a417 p span {\n        color: #fff;\n        margin-right: 10px;\n         font-family: 'Roboto', 'Sans-Serif' !important;\n}\n\n\n\n\/* Add Font Awesome icon before 'Home' *\/\n.rank-math-breadcrumb a[href=\"https:\/\/advisory34.com\"]::before {\n    content: \"\\f015\"; \n    font-family: \"Font Awesome 5 Free\"; \n    font-weight: 900; \n    margin-right: 10px; \n    margin-bottom: 2px;\n    display: inline-block;\n    vertical-align: middle; \n}\n\n\n.rank-math-breadcrumb .separator {\n    margin: 0 5px;\n}\/* End custom CSS *\/<\/style>\t\t<div data-elementor-type=\"wp-page\" data-elementor-id=\"3418\" class=\"elementor elementor-3418 elementor-3\" data-elementor-post-type=\"page\">\n\t\t\t\t<div class=\"elementor-element elementor-element-0ab3b14 e-flex e-con-boxed e-con e-parent\" data-id=\"0ab3b14\" data-element_type=\"container\" data-e-type=\"container\" data-settings=\"{&quot;background_background&quot;:&quot;classic&quot;}\">\n\t\t\t\t\t<div class=\"e-con-inner\">\n\t\t<div class=\"elementor-element elementor-element-615344f e-flex e-con-boxed e-con e-child\" data-id=\"615344f\" data-element_type=\"container\" data-e-type=\"container\">\n\t\t\t\t\t<div class=\"e-con-inner\">\n\t\t\t\t<div class=\"elementor-element elementor-element-30106eb elementor-widget elementor-widget-heading\" data-id=\"30106eb\" data-element_type=\"widget\" data-e-type=\"widget\" data-widget_type=\"heading.default\">\n\t\t\t\t<div class=\"elementor-widget-container\">\n\t\t\t\t\t<h1 class=\"elementor-heading-title elementor-size-default\">Pol\u00edtica de privacidad<\/h1>\t\t\t\t<\/div>\n\t\t\t\t<\/div>\n\t\t\t\t<div class=\"elementor-element elementor-element-c5aaff2 animated-slow elementor-widget__width-initial elementor-invisible elementor-widget elementor-widget-text-editor\" data-id=\"c5aaff2\" data-element_type=\"widget\" data-e-type=\"widget\" data-settings=\"{&quot;_animation&quot;:&quot;fadeIn&quot;}\" data-widget_type=\"text-editor.default\">\n\t\t\t\t<div class=\"elementor-widget-container\">\n\t\t\t\t\t\t\t\t\t<p>Conozca c\u00f3mo Advisory34 recopila, utiliza y protege su informaci\u00f3n personal. Esta p\u00e1gina describe sus derechos en virtud del GDPR y explica c\u00f3mo garantizamos que sus datos permanezcan seguros.<\/p>\t\t\t\t\t\t\t\t<\/div>\n\t\t\t\t<\/div>\n\t\t\t\t\t<\/div>\n\t\t\t\t<\/div>\n\t\t\t\t\t<\/div>\n\t\t\t\t<\/div>\n\t\t<div class=\"elementor-element elementor-element-825e405 e-flex e-con-boxed e-con e-parent\" data-id=\"825e405\" data-element_type=\"container\" data-e-type=\"container\" data-settings=\"{&quot;background_background&quot;:&quot;classic&quot;}\">\n\t\t\t\t\t<div class=\"e-con-inner\">\n\t\t\t\t<div class=\"elementor-element elementor-element-561a417 elementor-widget elementor-widget-shortcode\" data-id=\"561a417\" data-element_type=\"widget\" data-e-type=\"widget\" data-widget_type=\"shortcode.default\">\n\t\t\t\t<div class=\"elementor-widget-container\">\n\t\t\t\t\t\t\t<div class=\"elementor-shortcode\"><nav aria-label=\"breadcrumbs\" class=\"rank-math-breadcrumb\"><p><span class=\"last\">Home<\/span><\/p><\/nav><\/div>\n\t\t\t\t\t\t<\/div>\n\t\t\t\t<\/div>\n\t\t\t\t\t<\/div>\n\t\t\t\t<\/div>\n\t\t<div class=\"elementor-element elementor-element-45cd47b9 e-flex e-con-boxed e-con e-parent\" data-id=\"45cd47b9\" data-element_type=\"container\" data-e-type=\"container\">\n\t\t\t\t\t<div class=\"e-con-inner\">\n\t\t\t\t<div class=\"elementor-element elementor-element-6960c427 elementor-widget elementor-widget-text-editor\" data-id=\"6960c427\" data-element_type=\"widget\" data-e-type=\"widget\" data-widget_type=\"text-editor.default\">\n\t\t\t\t<div class=\"elementor-widget-container\">\n\t\t\t\t\t\t\t\t\t<p><strong>\u00daltima actualizaci\u00f3n:<\/strong> 07.01.2025<\/p><p>En Advisory34, accesible a trav\u00e9s de <a href=\"https:\/\/advisory34.com\">advisory34.com<\/a>, valoramos su privacidad y nos comprometemos a proteger sus datos personales de conformidad con el Reglamento General de Protecci\u00f3n de Datos (RGPD) y otras leyes de protecci\u00f3n de datos aplicables. Esta <strong>Pol\u00edtica de Privacidad<\/strong> explica c\u00f3mo recopilamos, utilizamos y protegemos su informaci\u00f3n personal.<\/p><h2>Informaci\u00f3n que recogemos<\/h2><p>Podemos recopilar los siguientes tipos de informaci\u00f3n:<\/p><ul><li><strong>Informaci\u00f3n personal:<\/strong> Nombre, direcci\u00f3n de correo electr\u00f3nico, n\u00famero de tel\u00e9fono y otros detalles que nos proporcione cuando se ponga en contacto con nosotros o utilice nuestros servicios.<\/li><li><strong>Informaci\u00f3n t\u00e9cnica:<\/strong> Direcci\u00f3n IP, tipo de navegador, sistema operativo y otros datos recogidos autom\u00e1ticamente cuando visita nuestro sitio web.<\/li><li><strong>Informaci\u00f3n de uso:<\/strong> Detalles sobre c\u00f3mo interact\u00faa con nuestro sitio web, como las p\u00e1ginas visitadas y el tiempo empleado.<\/li><\/ul><h2>C\u00f3mo utilizamos su informaci\u00f3n<\/h2><p>Utilizamos la informaci\u00f3n que recopilamos para:<\/p><ul><li>Proporcionar y mejorar nuestros servicios.<\/li><li>Responder a sus consultas o solicitudes.<\/li><li>Enviarle actualizaciones y comunicaciones importantes.<\/li><li>Analizar el uso del sitio web y mejorar la experiencia del usuario.<\/li><li>Cumplir con las obligaciones legales y hacer cumplir nuestros t\u00e9rminos y pol\u00edticas.<\/li><\/ul><h2>Base jur\u00eddica del tratamiento<\/h2><p>Tratamos sus datos personales bas\u00e1ndonos en una o varias de las siguientes bases jur\u00eddicas:<\/p><ul><li>Su consentimiento (por ejemplo, para marketing por correo electr\u00f3nico).<\/li><li>Cumplimiento de un contrato (por ejemplo, para prestarle los servicios que haya solicitado).<\/li><li>Cumplimiento de obligaciones legales.<\/li><li>Nuetros intereses leg\u00edtimos, como mejorar nuestros servicios y proteger nuestro negocio.<\/li><\/ul><h2>C\u00f3mo protegemos su informaci\u00f3n<\/h2><p>Adoptamos las medidas t\u00e9cnicas y organizativas adecuadas para proteger sus datos personales contra el acceso no autorizado, la p\u00e9rdida o el uso indebido. Sin embargo, ning\u00fan sistema puede ser completamente seguro, y no podemos garantizar la seguridad absoluta de sus datos.<\/p><h2>Compartir su informaci\u00f3n<\/h2><p>No vendemos, alquilamos ni intercambiamos sus datos personales. Sin embargo, podemos compartir su informaci\u00f3n con:<\/p><ul><li>Proveedores de servicios que nos ayudan a operar nuestro sitio web y servicios.<\/li><li>Autoridades legales, cuando as\u00ed lo exija la ley o para proteger nuestros derechos.<\/li><li>Terceros en relaci\u00f3n con una transacci\u00f3n comercial, como una fusi\u00f3n o venta.<\/li><\/ul><h2>Sus derechos<\/h2><p>En virtud del GDPR, usted tiene los siguientes derechos en relaci\u00f3n con sus datos personales:<\/p><ul><li><strong>Acceso:<\/strong> Solicitar una copia de sus datos.<\/li><li><strong>Rectificaci\u00f3n:<\/strong> Solicitar la correcci\u00f3n de datos inexactos o incompletos.<\/li><li><strong>Supresi\u00f3n:<\/strong> Solicitar la supresi\u00f3n de sus datos, sujeta a determinadas condiciones.<\/li><li><strong>Limitaci\u00f3n:<\/strong> Solicitar el tratamiento limitado de sus datos.<\/li><li><strong>Portabilidad de datos:<\/strong> Solicitar la transferencia de sus datos a otro servicio.<\/li><li><strong>Oposici\u00f3n:<\/strong> Oponerse al tratamiento basado en intereses leg\u00edtimos.<\/li><li><strong>Retirar el consentimiento:<\/strong> Retirar el consentimiento para el tratamiento cuando proceda.<\/li><\/ul><h2>Cookies<\/h2><p>Utilizamos cookies para mejorar su experiencia en nuestro sitio web. Para m\u00e1s informaci\u00f3n, consulte nuestra <a href=\"#\">Pol\u00edtica de cookies<\/a>.<\/p><h2>Enlaces de terceros<\/h2><p>Nuestro sitio web puede contener enlaces a sitios web de terceros. No somos responsables de las pr\u00e1cticas de privacidad ni del contenido de estos sitios web. Le recomendamos que revise sus pol\u00edticas de privacidad antes de facilitar datos personales.<\/p><h2>Cambios en esta pol\u00edtica<\/h2><p>Podemos actualizar esta Pol\u00edtica de Privacidad de vez en cuando para reflejar cambios en nuestras pr\u00e1cticas o requisitos legales. La pol\u00edtica actualizada se publicar\u00e1 en esta p\u00e1gina con la fecha revisada.<\/p><h2>P\u00f3ngase en contacto con nosotros<\/h2><p>Si tiene alguna pregunta o duda sobre esta Pol\u00edtica de privacidad o sobre c\u00f3mo tratamos sus datos, p\u00f3ngase en contacto con nosotros en:<\/p><p><strong>Advisory34<\/strong><br \/>Correo electr\u00f3nico: <a href=\"mailto:enquiries@advisory34.com\">enquiries@advisory34.com<\/a><br \/>Tel: <a href=\"tel:+34607564703\">+34 607 564 703<\/a><\/p>\t\t\t\t\t\t\t\t<\/div>\n\t\t\t\t<\/div>\n\t\t\t\t\t<\/div>\n\t\t\t\t<\/div>\n\t\t\t\t<\/div>\n\t\t","protected":false},"excerpt":{"rendered":"<p>Pol\u00edtica de privacidad Conozca c\u00f3mo Advisory34 recopila, utiliza y protege su informaci\u00f3n personal. Esta p\u00e1gina describe sus derechos en virtud del GDPR y explica c\u00f3mo garantizamos que sus datos permanezcan seguros. \u00daltima actualizaci\u00f3n: 07.01.2025 En Advisory34, accesible a trav\u00e9s de advisory34.com, valoramos su privacidad y nos comprometemos a proteger sus datos personales de conformidad con [&hellip;]<\/p>\n","protected":false},"author":33,"featured_media":0,"parent":0,"menu_order":0,"comment_status":"closed","ping_status":"closed","template":"","meta":{"_acf_changed":false,"footnotes":""},"class_list":["post-3418","page","type-page","status-publish","hentry"],"acf":[],"_links":{"self":[{"href":"https:\/\/advisory34.com\/es\/wp-json\/wp\/v2\/pages\/3418","targetHints":{"allow":["GET"]}}],"collection":[{"href":"https:\/\/advisory34.com\/es\/wp-json\/wp\/v2\/pages"}],"about":[{"href":"https:\/\/advisory34.com\/es\/wp-json\/wp\/v2\/types\/page"}],"author":[{"embeddable":true,"href":"https:\/\/advisory34.com\/es\/wp-json\/wp\/v2\/users\/33"}],"replies":[{"embeddable":true,"href":"https:\/\/advisory34.com\/es\/wp-json\/wp\/v2\/comments?post=3418"}],"version-history":[{"count":5,"href":"https:\/\/advisory34.com\/es\/wp-json\/wp\/v2\/pages\/3418\/revisions"}],"predecessor-version":[{"id":3424,"href":"https:\/\/advisory34.com\/es\/wp-json\/wp\/v2\/pages\/3418\/revisions\/3424"}],"wp:attachment":[{"href":"https:\/\/advisory34.com\/es\/wp-json\/wp\/v2\/media?parent=3418"}],"curies":[{"name":"wp","href":"https:\/\/api.w.org\/{rel}","templated":true}]}}